{"id":683,"date":"2022-08-29T07:22:41","date_gmt":"2022-08-29T07:22:41","guid":{"rendered":"https:\/\/lteminescu.md\/?page_id=683"},"modified":"2022-09-06T08:28:44","modified_gmt":"2022-09-06T08:28:44","slug":"parteneri","status":"publish","type":"page","link":"https:\/\/lteminescu.md\/?page_id=683","title":{"rendered":"Parteneri"},"content":{"rendered":"\t\t<div data-elementor-type=\"wp-page\" data-elementor-id=\"683\" class=\"elementor elementor-683\">\n\t\t\t\t\t\t\t\t\t<header class=\"elementor-section elementor-top-section elementor-element elementor-element-bbbde54 elementor-section-height-min-height elementor-section-items-stretch elementor-section-content-middle elementor-section-boxed elementor-section-height-default\" data-id=\"bbbde54\" data-element_type=\"section\" data-settings=\"{&quot;background_background&quot;:&quot;video&quot;,&quot;background_video_start&quot;:14,&quot;background_video_end&quot;:24,&quot;background_play_on_mobile&quot;:&quot;yes&quot;}\">\n\t\t\t\t\t\t\t<div class=\"elementor-background-overlay\"><\/div>\n\t\t\t\t\t\t\t<div class=\"elementor-container elementor-column-gap-no\">\n\t\t\t\t\t<div class=\"elementor-column elementor-col-100 elementor-top-column elementor-element elementor-element-d79c7df\" data-id=\"d79c7df\" data-element_type=\"column\">\n\t\t\t<div class=\"elementor-widget-wrap elementor-element-populated\">\n\t\t\t\t\t\t\t\t<div class=\"elementor-element elementor-element-381958a animated-slow elementor-invisible elementor-widget elementor-widget-heading\" data-id=\"381958a\" data-element_type=\"widget\" data-settings=\"{&quot;_animation&quot;:&quot;fadeInUp&quot;,&quot;_animation_delay&quot;:100}\" data-widget_type=\"heading.default\">\n\t\t\t\t<div class=\"elementor-widget-container\">\n\t\t\t<style>\/*! elementor - v3.6.6 - 08-06-2022 *\/\n.elementor-heading-title{padding:0;margin:0;line-height:1}.elementor-widget-heading .elementor-heading-title[class*=elementor-size-]>a{color:inherit;font-size:inherit;line-height:inherit}.elementor-widget-heading .elementor-heading-title.elementor-size-small{font-size:15px}.elementor-widget-heading .elementor-heading-title.elementor-size-medium{font-size:19px}.elementor-widget-heading .elementor-heading-title.elementor-size-large{font-size:29px}.elementor-widget-heading .elementor-heading-title.elementor-size-xl{font-size:39px}.elementor-widget-heading .elementor-heading-title.elementor-size-xxl{font-size:59px}<\/style><h3 class=\"elementor-heading-title elementor-size-default\">Parteneri<\/h3>\t\t<\/div>\n\t\t\t\t<\/div>\n\t\t\t\t<div class=\"elementor-element elementor-element-184907e elementor-widget elementor-widget-heading\" data-id=\"184907e\" data-element_type=\"widget\" data-widget_type=\"heading.default\">\n\t\t\t\t<div class=\"elementor-widget-container\">\n\t\t\t<h1 class=\"elementor-heading-title elementor-size-default\">RELA\u021aIILE DE PARTENERIAT - o premis\u0103 a educa\u021biei \u00een societatea contemporan\u0103<\/h1>\t\t<\/div>\n\t\t\t\t<\/div>\n\t\t\t\t\t<\/div>\n\t\t<\/div>\n\t\t\t\t\t\t\t<\/div>\n\t\t<\/header>\n\t\t\t\t<section class=\"elementor-section elementor-top-section elementor-element elementor-element-82a3e88 elementor-section-boxed elementor-section-height-default elementor-section-height-default\" data-id=\"82a3e88\" data-element_type=\"section\">\n\t\t\t\t\t\t<div class=\"elementor-container elementor-column-gap-default\">\n\t\t\t\t\t<div class=\"elementor-column elementor-col-100 elementor-top-column elementor-element elementor-element-b94de37\" data-id=\"b94de37\" data-element_type=\"column\">\n\t\t\t<div class=\"elementor-widget-wrap elementor-element-populated\">\n\t\t\t\t\t\t\t\t<div class=\"elementor-element elementor-element-9b2fb34 elementor-widget elementor-widget-shortcode\" data-id=\"9b2fb34\" data-element_type=\"widget\" data-widget_type=\"shortcode.default\">\n\t\t\t\t<div class=\"elementor-widget-container\">\n\t\t\t\t\t<div class=\"elementor-shortcode\">\n<table id=\"tablepress-2\" class=\"tablepress tablepress-id-2\">\n<thead>\n<tr class=\"row-1 odd\">\n\t<th class=\"column-1\">n\/o<\/th><th class=\"column-2\">Parteneriate  \u00eencheiate<\/th><th class=\"column-3\">Responsabili<\/th>\n<\/tr>\n<\/thead>\n<tbody class=\"row-hover\">\n<tr class=\"row-2 even\">\n\t<td class=\"column-1\">1.\u00a0\u00a0\u00a0\u00a0 \u00a0<\/td><td class=\"column-2\">LT \u201eN. B\u0103lcescu\u201d, RO, Medgedia<\/td><td class=\"column-3\"> V. Osta\u0219<\/td>\n<\/tr>\n<tr class=\"row-3 odd\">\n\t<td class=\"column-1\">2.\u00a0\u00a0\u00a0\u00a0 \u00a0<\/td><td class=\"column-2\">LT \u201d\u0218tefan-Vod\u0103\u201d, MD,  \u0218tefan-Vod\u0103<\/td><td class=\"column-3\"> T. Midoni<\/td>\n<\/tr>\n<tr class=\"row-4 even\">\n\t<td class=\"column-1\">3.\u00a0\u00a0\u00a0\u00a0 \u00a0<\/td><td class=\"column-2\">LT \u201dE. Racovi\u021b\u0103\u201d, RO, Techirghiol<\/td><td class=\"column-3\"> V. Osta\u0219<\/td>\n<\/tr>\n<tr class=\"row-5 odd\">\n\t<td class=\"column-1\">4.\u00a0\u00a0\u00a0\u00a0 \u00a0<\/td><td class=\"column-2\">Asocia\u021bia Na\u021bional\u0103 Cultul Eroilor.\u201d Regina Maria\u201d, RO, Gala\u021bi<\/td><td class=\"column-3\"> V. Osta\u0219, O. Osta\u0219<\/td>\n<\/tr>\n<tr class=\"row-6 even\">\n\t<td class=\"column-1\">5.\u00a0\u00a0\u00a0\u00a0 \u00a0<\/td><td class=\"column-2\">Colegiul Dobrogean\u201d Spiru Haret\u201d, RO, Tulcea<\/td><td class=\"column-3\">Administra\u021bia institu\u021biei<\/td>\n<\/tr>\n<tr class=\"row-7 odd\">\n\t<td class=\"column-1\">6.\u00a0\u00a0\u00a0\u00a0 \u00a0<\/td><td class=\"column-2\">Programul \u201cBurse de Excelen\u021b\u0103\u201d, Chi\u0219in\u0103u<\/td><td class=\"column-3\">Sv. Ciobanu<\/td>\n<\/tr>\n<tr class=\"row-8 even\">\n\t<td class=\"column-1\">7.\u00a0\u00a0\u00a0\u00a0 \u00a0<\/td><td class=\"column-2\">Biblioteca Public\u0103\u201d Ion Ungureanu\u201d, C\u0103u\u0219eni<\/td><td class=\"column-3\">Biblioteca institu\u021biei<\/td>\n<\/tr>\n<tr class=\"row-9 odd\">\n\t<td class=\"column-1\">8.\u00a0\u00a0\u00a0\u00a0 \u00a0<\/td><td class=\"column-2\">Asocia\u021bia Prom. Soc.Italia-Moldova, Varese<\/td><td class=\"column-3\">T. Midoni<\/td>\n<\/tr>\n<tr class=\"row-10 even\">\n\t<td class=\"column-1\">9.\u00a0\u00a0\u00a0\u00a0 \u00a0<\/td><td class=\"column-2\">A.O. \u201cChange for a better life\u201d, C\u0103u\u0219eni<\/td><td class=\"column-3\">Administra\u021bia institu\u021biei<\/td>\n<\/tr>\n<tr class=\"row-11 odd\">\n\t<td class=\"column-1\">10.\u00a0 \u00a0<\/td><td class=\"column-2\">I.P.\u201d Cobusca Nou\u0103\u201d, Anenii-Noi<\/td><td class=\"column-3\">T. Midoni<\/td>\n<\/tr>\n<tr class=\"row-12 even\">\n\t<td class=\"column-1\">11.\u00a0 \u00a0<\/td><td class=\"column-2\">A.G. \u00cenv\u0103\u021b\u0103torilor RO-MD<\/td><td class=\"column-3\">V. Osta\u0219<\/td>\n<\/tr>\n<tr class=\"row-13 odd\">\n\t<td class=\"column-1\">12.\u00a0 \u00a0<\/td><td class=\"column-2\">\u0218coala Gimn.\u201d C.Br\u00e2ncu\u0219i\u201d, RO, Medgedia<\/td><td class=\"column-3\">A. Foc\u0219a<\/td>\n<\/tr>\n<tr class=\"row-14 even\">\n\t<td class=\"column-1\">13.\u00a0 \u00a0<\/td><td class=\"column-2\">\u0218coala European\u0103 ,Varese, Italia<\/td><td class=\"column-3\">T. Midoni<\/td>\n<\/tr>\n<tr class=\"row-15 odd\">\n\t<td class=\"column-1\">14.\u00a0 \u00a0<\/td><td class=\"column-2\">A.O. \u201cHilfswerk Austria\u201d , MD<\/td><td class=\"column-3\">C. Osipov<\/td>\n<\/tr>\n<tr class=\"row-16 even\">\n\t<td class=\"column-1\">15.\u00a0 \u00a0<\/td><td class=\"column-2\">Colegiul Na\u021bional\u201d M.Eminescu\u201d, Ro, Constan\u021ba<\/td><td class=\"column-3\">V. Osta\u0219, E. Palii<\/td>\n<\/tr>\n<tr class=\"row-17 odd\">\n\t<td class=\"column-1\">16.\u00a0 \u00a0<\/td><td class=\"column-2\">\u0218coala Gimnazial\u0103 \u201dC.Popescu\u201d, Ro, Ploie\u0219ti<\/td><td class=\"column-3\">T. Midoni<\/td>\n<\/tr>\n<tr class=\"row-18 even\">\n\t<td class=\"column-1\">17.\u00a0 \u00a0<\/td><td class=\"column-2\">LT\u201d I. Luca\u201d, Ro, Vatra-Dornei<\/td><td class=\"column-3\">O. Osta\u0219<\/td>\n<\/tr>\n<tr class=\"row-19 odd\">\n\t<td class=\"column-1\">18.\u00a0 \u00a0<\/td><td class=\"column-2\">Centrul de cultur\u0103 \u0219i asisten\u021b\u0103 didactic\u0103\u201d Casa Limbii Rom\u00e2ne\u201d,C\u0103u\u0219eni<\/td><td class=\"column-3\">O. Osta\u0219, V. Osta\u0219<\/td>\n<\/tr>\n<tr class=\"row-20 even\">\n\t<td class=\"column-1\">19.\u00a0 \u00a0<\/td><td class=\"column-2\">A.O.\u201d Centrul Informa\u021bionalTighina\u201d, C\u0103u\u0219eni<\/td><td class=\"column-3\">A. \u0218chiopu<\/td>\n<\/tr>\n<tr class=\"row-21 odd\">\n\t<td class=\"column-1\">20.\u00a0 \u00a0<\/td><td class=\"column-2\">A.O.\u201d Change for a better life\u201d, C\u0103u\u0219eni<\/td><td class=\"column-3\">A. \u0218chiopu<\/td>\n<\/tr>\n<tr class=\"row-22 even\">\n\t<td class=\"column-1\">21.\u00a0 \u00a0<\/td><td class=\"column-2\">\u0218coala Gimnazial\u0103 Paule\u0219ti, Rom\u00e2nia<\/td><td class=\"column-3\">T. Midoni<\/td>\n<\/tr>\n<tr class=\"row-23 odd\">\n\t<td class=\"column-1\">22.\u00a0 \u00a0<\/td><td class=\"column-2\">R.O.A\u201d Hilfswerk Austria\u201d, MD<\/td><td class=\"column-3\">Administra\u021bia institu\u021biei<\/td>\n<\/tr>\n<tr class=\"row-24 even\">\n\t<td class=\"column-1\">23.\u00a0 \u00a0<\/td><td class=\"column-2\">Institu\u021bia Pre\u0219colar\u0103\u201d Albinu\u021ba\u201d, C\u0103u\u0219eni<\/td><td class=\"column-3\">\u00cenv\u0103\u021b\u0103torii claselor primare<\/td>\n<\/tr>\n<tr class=\"row-25 odd\">\n\t<td class=\"column-1\">24.\u00a0 \u00a0<\/td><td class=\"column-2\">LT\u201d N.B\u0103lcescu\u201d, Ro, Medgedia<\/td><td class=\"column-3\">Administra\u021bia institu\u021biei<\/td>\n<\/tr>\n<tr class=\"row-26 even\">\n\t<td class=\"column-1\">25.\u00a0 \u00a0<\/td><td class=\"column-2\">Liceul Tehnologic\u201d N.Iorga\u201d, Ro, Negre\u0219ti<\/td><td class=\"column-3\">O. Osta\u0219, V. Osta\u0219<\/td>\n<\/tr>\n<tr class=\"row-27 odd\">\n\t<td class=\"column-1\">26.\u00a0 \u00a0<\/td><td class=\"column-2\">LT \u201cN.B\u0103lcescu\u201d, Ro, Medgedia<\/td><td class=\"column-3\">O. Osta\u0219. V. Osta\u0219<\/td>\n<\/tr>\n<tr class=\"row-28 even\">\n\t<td class=\"column-1\">27.\u00a0 \u00a0<\/td><td class=\"column-2\">LT\u201d I.Neculce\u201d, Ro, T\u00e2rgu-Frumos<\/td><td class=\"column-3\">V. Osta\u0219<\/td>\n<\/tr>\n<tr class=\"row-29 odd\">\n\t<td class=\"column-1\">28.\u00a0 \u00a0<\/td><td class=\"column-2\">LT \u201cN.B\u0103lcescu\u201d, Ro, Medgedia<\/td><td class=\"column-3\">O. Osta\u0219, V. Osta\u0219<\/td>\n<\/tr>\n<tr class=\"row-30 even\">\n\t<td class=\"column-1\">29.\u00a0 \u00a0<\/td><td class=\"column-2\">Colegiul Na\u021b.\u201d M.Eminescu\u201d, Ro, Constan\u021ba<\/td><td class=\"column-3\">Administra\u021bia institu\u021biei<\/td>\n<\/tr>\n<tr class=\"row-31 odd\">\n\t<td class=\"column-1\">30.\u00a0 \u00a0<\/td><td class=\"column-2\">Cercul  Militar, Ro, Constan\u021ba<\/td><td class=\"column-3\">V. Osta\u0219<\/td>\n<\/tr>\n<tr class=\"row-32 even\">\n\t<td class=\"column-1\">31.\u00a0 \u00a0<\/td><td class=\"column-2\">Grup \u0218colar\u201d Gh. Duca\u201d, Ro, Constan\u021ba<\/td><td class=\"column-3\">Administra\u021bia institu\u021biei<\/td>\n<\/tr>\n<tr class=\"row-33 odd\">\n\t<td class=\"column-1\">32.\u00a0 \u00a0<\/td><td class=\"column-2\">Universitatea Limbi interna\u021bionale .,Md, Chi\u0219in\u0103u<\/td><td class=\"column-3\">O. Osta\u0219<\/td>\n<\/tr>\n<tr class=\"row-34 even\">\n\t<td class=\"column-1\">33.\u00a0 \u00a0<\/td><td class=\"column-2\">Liceul Tehnologic\u201d N. Teclu\u201d, Ro, jud.Sibiu<\/td><td class=\"column-3\">T. Midoni<\/td>\n<\/tr>\n<tr class=\"row-35 odd\">\n\t<td class=\"column-1\">34.\u00a0 \u00a0<\/td><td class=\"column-2\">Asoc.General\u0103 a \u00cenv\u0103\u021b\u0103torilor din Rom\u00e2nia<\/td><td class=\"column-3\">O. Osta\u0219<\/td>\n<\/tr>\n<tr class=\"row-36 even\">\n\t<td class=\"column-1\">35.\u00a0 \u00a0<\/td><td class=\"column-2\">Liceul Tehnologic\u201d V. Gherasim\u201d, Rom\u00e2nia<\/td><td class=\"column-3\">Administra\u021bia institu\u021biei<\/td>\n<\/tr>\n<tr class=\"row-37 odd\">\n\t<td class=\"column-1\">36.\u00a0 \u00a0<\/td><td class=\"column-2\">Prim\u0103ria Cotnari, Biblioteca Public\u0103 Cotnari<\/td><td class=\"column-3\">Administra\u021bia institu\u021biei<\/td>\n<\/tr>\n<\/tbody>\n<\/table>\n<!-- #tablepress-2 from cache --><\/div>\n\t\t\t\t<\/div>\n\t\t\t\t<\/div>\n\t\t\t\t\t<\/div>\n\t\t<\/div>\n\t\t\t\t\t\t\t<\/div>\n\t\t<\/section>\n\t\t\t\t\t\t\t<\/div>\n\t\t","protected":false},"excerpt":{"rendered":"<p>Parteneri RELA\u021aIILE DE PARTENERIAT &#8212; o premis\u0103 a educa\u021biei \u00een societatea contemporan\u0103<\/p>\n","protected":false},"author":1,"featured_media":0,"parent":0,"menu_order":0,"comment_status":"closed","ping_status":"closed","template":"elementor_theme","meta":{"footnotes":""},"class_list":["post-683","page","type-page","status-publish","hentry","entry"],"_links":{"self":[{"href":"https:\/\/lteminescu.md\/index.php?rest_route=\/wp\/v2\/pages\/683","targetHints":{"allow":["GET"]}}],"collection":[{"href":"https:\/\/lteminescu.md\/index.php?rest_route=\/wp\/v2\/pages"}],"about":[{"href":"https:\/\/lteminescu.md\/index.php?rest_route=\/wp\/v2\/types\/page"}],"author":[{"embeddable":true,"href":"https:\/\/lteminescu.md\/index.php?rest_route=\/wp\/v2\/users\/1"}],"replies":[{"embeddable":true,"href":"https:\/\/lteminescu.md\/index.php?rest_route=%2Fwp%2Fv2%2Fcomments&post=683"}],"version-history":[{"count":25,"href":"https:\/\/lteminescu.md\/index.php?rest_route=\/wp\/v2\/pages\/683\/revisions"}],"predecessor-version":[{"id":999,"href":"https:\/\/lteminescu.md\/index.php?rest_route=\/wp\/v2\/pages\/683\/revisions\/999"}],"wp:attachment":[{"href":"https:\/\/lteminescu.md\/index.php?rest_route=%2Fwp%2Fv2%2Fmedia&parent=683"}],"curies":[{"name":"wp","href":"https:\/\/api.w.org\/{rel}","templated":true}]}}